{"id":60,"date":"2019-10-15T13:48:26","date_gmt":"2019-10-15T13:48:26","guid":{"rendered":"http:\/\/voelas-wp.dan-fisher.com\/?page_id=60"},"modified":"2022-10-28T13:39:38","modified_gmt":"2022-10-28T13:39:38","slug":"o-simpoziju","status":"publish","type":"page","link":"https:\/\/nts.fasto.unsa.ba\/?page_id=60","title":{"rendered":"O Simpoziju"},"content":{"rendered":"\t\t<div data-elementor-type=\"wp-page\" data-elementor-id=\"60\" class=\"elementor elementor-60\" data-elementor-post-type=\"page\">\n\t\t\t\t\t\t\t\t\t<section class=\"elementor-section elementor-top-section elementor-element elementor-element-d49dee3 elementor-section-boxed elementor-section-height-default elementor-section-height-default\" data-id=\"d49dee3\" data-element_type=\"section\">\n\t\t\t\t\t\t<div class=\"elementor-container elementor-column-gap-default\">\n\t\t\t\t\t<div class=\"elementor-column elementor-col-50 elementor-top-column elementor-element elementor-element-db7dc62\" data-id=\"db7dc62\" data-element_type=\"column\">\n\t\t\t<div class=\"elementor-widget-wrap elementor-element-populated\">\n\t\t\t\t\t\t\t\t<div class=\"elementor-element elementor-element-143f715 elementor-widget elementor-widget-heading\" data-id=\"143f715\" data-element_type=\"widget\" data-widget_type=\"heading.default\">\n\t\t\t\t<div class=\"elementor-widget-container\">\n\t\t\t<style>\/*! elementor - v3.17.0 - 25-10-2023 *\/\n.elementor-heading-title{padding:0;margin:0;line-height:1}.elementor-widget-heading .elementor-heading-title[class*=elementor-size-]>a{color:inherit;font-size:inherit;line-height:inherit}.elementor-widget-heading .elementor-heading-title.elementor-size-small{font-size:15px}.elementor-widget-heading .elementor-heading-title.elementor-size-medium{font-size:19px}.elementor-widget-heading .elementor-heading-title.elementor-size-large{font-size:29px}.elementor-widget-heading .elementor-heading-title.elementor-size-xl{font-size:39px}.elementor-widget-heading .elementor-heading-title.elementor-size-xxl{font-size:59px}<\/style><h6 class=\"elementor-heading-title elementor-size-default\">nove tehnologije u sportu 2022<\/h6>\t\t<\/div>\n\t\t\t\t<\/div>\n\t\t\t\t<div class=\"elementor-element elementor-element-013cb44 elementor-widget elementor-widget-heading\" data-id=\"013cb44\" data-element_type=\"widget\" data-widget_type=\"heading.default\">\n\t\t\t\t<div class=\"elementor-widget-container\">\n\t\t\t<h3 class=\"elementor-heading-title elementor-size-default\">upoznajte se sa na\u0161im simpozijem<\/h3>\t\t<\/div>\n\t\t\t\t<\/div>\n\t\t\t\t\t<\/div>\n\t\t<\/div>\n\t\t\t\t<div class=\"elementor-column elementor-col-50 elementor-top-column elementor-element elementor-element-0e9c0bb\" data-id=\"0e9c0bb\" data-element_type=\"column\">\n\t\t\t<div class=\"elementor-widget-wrap elementor-element-populated\">\n\t\t\t\t\t\t\t\t<div class=\"elementor-element elementor-element-9024d78 elementor-widget elementor-widget-image\" data-id=\"9024d78\" data-element_type=\"widget\" data-widget_type=\"image.default\">\n\t\t\t\t<div class=\"elementor-widget-container\">\n\t\t\t<style>\/*! elementor - v3.17.0 - 25-10-2023 *\/\n.elementor-widget-image{text-align:center}.elementor-widget-image a{display:inline-block}.elementor-widget-image a img[src$=\".svg\"]{width:48px}.elementor-widget-image img{vertical-align:middle;display:inline-block}<\/style>\t\t\t\t\t\t\t\t\t\t\t\t<img loading=\"lazy\" decoding=\"async\" width=\"300\" height=\"171\" src=\"https:\/\/nts.fasto.unsa.ba\/wp-content\/uploads\/2021\/10\/osimpoziju-300x171.jpg\" class=\"attachment-medium size-medium wp-image-3138\" alt=\"\" srcset=\"https:\/\/nts.fasto.unsa.ba\/wp-content\/uploads\/2021\/10\/osimpoziju-300x171.jpg 300w, https:\/\/nts.fasto.unsa.ba\/wp-content\/uploads\/2021\/10\/osimpoziju.jpg 700w\" sizes=\"auto, (max-width: 300px) 100vw, 300px\" \/>\t\t\t\t\t\t\t\t\t\t\t\t\t\t\t<\/div>\n\t\t\t\t<\/div>\n\t\t\t\t\t<\/div>\n\t\t<\/div>\n\t\t\t\t\t\t\t<\/div>\n\t\t<\/section>\n\t\t\t\t<section class=\"elementor-section elementor-top-section elementor-element elementor-element-f5ddf9e elementor-section-stretched who-we-are elementor-section-boxed elementor-section-height-default elementor-section-height-default\" data-id=\"f5ddf9e\" data-element_type=\"section\" data-settings=\"{&quot;stretch_section&quot;:&quot;section-stretched&quot;}\">\n\t\t\t\t\t\t<div class=\"elementor-container elementor-column-gap-no\">\n\t\t\t\t\t<div class=\"elementor-column elementor-col-100 elementor-top-column elementor-element elementor-element-576d5bb\" data-id=\"576d5bb\" data-element_type=\"column\">\n\t\t\t<div class=\"elementor-widget-wrap elementor-element-populated\">\n\t\t\t\t\t\t\t\t<section class=\"elementor-section elementor-inner-section elementor-element elementor-element-8995ce5 elementor-section-boxed elementor-section-height-default elementor-section-height-default\" data-id=\"8995ce5\" data-element_type=\"section\">\n\t\t\t\t\t\t<div class=\"elementor-container elementor-column-gap-default\">\n\t\t\t\t\t<div class=\"elementor-column elementor-col-100 elementor-inner-column elementor-element elementor-element-31c47fd\" data-id=\"31c47fd\" data-element_type=\"column\">\n\t\t\t<div class=\"elementor-widget-wrap elementor-element-populated\">\n\t\t\t\t\t\t\t\t<div class=\"elementor-element elementor-element-e75649e elementor-widget elementor-widget-text-editor\" data-id=\"e75649e\" data-element_type=\"widget\" data-widget_type=\"text-editor.default\">\n\t\t\t\t<div class=\"elementor-widget-container\">\n\t\t\t<style>\/*! elementor - v3.17.0 - 25-10-2023 *\/\n.elementor-widget-text-editor.elementor-drop-cap-view-stacked .elementor-drop-cap{background-color:#69727d;color:#fff}.elementor-widget-text-editor.elementor-drop-cap-view-framed .elementor-drop-cap{color:#69727d;border:3px solid;background-color:transparent}.elementor-widget-text-editor:not(.elementor-drop-cap-view-default) .elementor-drop-cap{margin-top:8px}.elementor-widget-text-editor:not(.elementor-drop-cap-view-default) .elementor-drop-cap-letter{width:1em;height:1em}.elementor-widget-text-editor .elementor-drop-cap{float:left;text-align:center;line-height:1;font-size:50px}.elementor-widget-text-editor .elementor-drop-cap-letter{display:inline-block}<\/style>\t\t\t\t<div><p><span lang=\"EN-US\">Simpozij \u201cNTS \u2013 Nove tehnologije u sportu\u201d. je nau\u010dno-stru\u010dna konferencija sa osnovnim ciljem razmjene ideja i nau\u010dnih saznanja iz oblasti sporta i obrazovanja. Fakultet sporta i tjelesnog odgoja Univerziteta u Sarajevu ve\u0107 dugi niz godina ba\u0161tini tradiciju organizacije ovog doga\u0111aja na koji smo kao kolektiv veoma ponosni. \u017delimo Vam pokazati na\u0161u otvorenost kreiraju\u0107i ambijent za razmjenu ideja i iskustva, kako bismo zajedno unaprijedili nauku i praksu.<\/span><br \/><br \/>I ove godine,\u00a0 Fakultet sporta i tjelesnog odgoja Univerziteta u Sarajevu najavljuje tradiconalnu Konferenciju 13. Me\u0111unarodnog simpozija, Nove tehnologije u sportu \u2013 NTS 2022, koji \u0107e se odr\u017eati 03. \u2013 05.11.2022. godine pod nazivom\u00a0\u00a0<b>\u201eSPORT FOR ALL\u201c.<\/b><br \/><br \/>Fakultet sporta i tjelesnog odgoja nastavlja ideju o uspostavljanju i ja\u010danju novih metoda i tehnologija u sportu, te okuplja renomirane stru\u010dnjake u polju sporta i nauke, daju\u0107i svoj doprinos u razvoju istra\u017eiva\u010dkog rada u sportu. Ovogodi\u0161nji NTS 2022, bit \u0107e realiziran u suradnji sa Euroazijskom unijom sportskih nauka (ESSU), i paralelno sa svjetskim ParaVolley prvenstvom u sjede\u0107oj odbojci.<br \/><br \/>Ovogodi\u0161nji\u00a0 13. Me\u0111unarodni Simpoziji \u201e NTS 2022\u201c\u00a0 realizovati \u0107e se u\u00a0 \u010detiri sesije koje \u0107e obuhvatiti teme iz oblasti:<br \/><br \/><strong>I SESIJA \u2013\u00a0 INKLUZIJA \u2013 SPORT ZA SVE\u00a0<\/strong><br \/><strong>II SESIJA \u2013 TJELESNI ODGOJ I ZDRAVE \u017dIVOTNE NAVIKE\u00a0<\/strong><br \/><strong>III SESIJA \u2013 SPORT, REKREACIJA I TURIZAM\u00a0<\/strong><br \/><strong>IV SESIJA \u2013 PODUZETNI\u0160TVO U SPORTU\u00a0<\/strong><br \/><br \/>Ovogodi\u0161nji 13.Me\u0111unarodni simpozij ima\u00a0za\u00a0cilj da objedini dosada\u0161nja iskustva, i stoga pokriva \u0161irok dijapazon nau\u010dnih i istra\u017eiva\u010dkih polja u sportu.<\/p><\/div><div>\u00a0<\/div><div><p><span lang=\"EN-US\">Lijepi pozdravi i dobrodo\u0161li!<\/span><\/p><\/div><div><p><span lang=\"EN-US\">Predsjednik simpozija<\/span><\/p><\/div><div><p><span lang=\"EN-US\">Prof. dr. Haris Ali\u0107<\/span><\/p><\/div>\t\t\t\t\t\t<\/div>\n\t\t\t\t<\/div>\n\t\t\t\t\t<\/div>\n\t\t<\/div>\n\t\t\t\t\t\t\t<\/div>\n\t\t<\/section>\n\t\t\t\t\t<\/div>\n\t\t<\/div>\n\t\t\t\t\t\t\t<\/div>\n\t\t<\/section>\n\t\t\t\t<section class=\"elementor-section elementor-top-section elementor-element elementor-element-fa3e821 elementor-section-stretched elementor-section-full_width elementor-section-height-default elementor-section-height-default\" data-id=\"fa3e821\" data-element_type=\"section\" data-settings=\"{&quot;stretch_section&quot;:&quot;section-stretched&quot;}\">\n\t\t\t\t\t\t<div class=\"elementor-container elementor-column-gap-no\">\n\t\t\t\t\t<div class=\"elementor-column elementor-col-100 elementor-top-column elementor-element elementor-element-cde8d6d\" data-id=\"cde8d6d\" data-element_type=\"column\">\n\t\t\t<div class=\"elementor-widget-wrap elementor-element-populated\">\n\t\t\t\t\t\t\t\t<div class=\"elementor-element elementor-element-da566fd elementor-widget-divider--view-line elementor-widget elementor-widget-divider\" data-id=\"da566fd\" data-element_type=\"widget\" data-widget_type=\"divider.default\">\n\t\t\t\t<div class=\"elementor-widget-container\">\n\t\t\t<style>\/*! elementor - v3.17.0 - 25-10-2023 *\/\n.elementor-widget-divider{--divider-border-style:none;--divider-border-width:1px;--divider-color:#0c0d0e;--divider-icon-size:20px;--divider-element-spacing:10px;--divider-pattern-height:24px;--divider-pattern-size:20px;--divider-pattern-url:none;--divider-pattern-repeat:repeat-x}.elementor-widget-divider .elementor-divider{display:flex}.elementor-widget-divider .elementor-divider__text{font-size:15px;line-height:1;max-width:95%}.elementor-widget-divider .elementor-divider__element{margin:0 var(--divider-element-spacing);flex-shrink:0}.elementor-widget-divider .elementor-icon{font-size:var(--divider-icon-size)}.elementor-widget-divider .elementor-divider-separator{display:flex;margin:0;direction:ltr}.elementor-widget-divider--view-line_icon .elementor-divider-separator,.elementor-widget-divider--view-line_text .elementor-divider-separator{align-items:center}.elementor-widget-divider--view-line_icon .elementor-divider-separator:after,.elementor-widget-divider--view-line_icon .elementor-divider-separator:before,.elementor-widget-divider--view-line_text .elementor-divider-separator:after,.elementor-widget-divider--view-line_text .elementor-divider-separator:before{display:block;content:\"\";border-bottom:0;flex-grow:1;border-top:var(--divider-border-width) var(--divider-border-style) var(--divider-color)}.elementor-widget-divider--element-align-left .elementor-divider .elementor-divider-separator>.elementor-divider__svg:first-of-type{flex-grow:0;flex-shrink:100}.elementor-widget-divider--element-align-left .elementor-divider-separator:before{content:none}.elementor-widget-divider--element-align-left .elementor-divider__element{margin-left:0}.elementor-widget-divider--element-align-right .elementor-divider .elementor-divider-separator>.elementor-divider__svg:last-of-type{flex-grow:0;flex-shrink:100}.elementor-widget-divider--element-align-right .elementor-divider-separator:after{content:none}.elementor-widget-divider--element-align-right .elementor-divider__element{margin-right:0}.elementor-widget-divider:not(.elementor-widget-divider--view-line_text):not(.elementor-widget-divider--view-line_icon) .elementor-divider-separator{border-top:var(--divider-border-width) var(--divider-border-style) var(--divider-color)}.elementor-widget-divider--separator-type-pattern{--divider-border-style:none}.elementor-widget-divider--separator-type-pattern.elementor-widget-divider--view-line .elementor-divider-separator,.elementor-widget-divider--separator-type-pattern:not(.elementor-widget-divider--view-line) .elementor-divider-separator:after,.elementor-widget-divider--separator-type-pattern:not(.elementor-widget-divider--view-line) .elementor-divider-separator:before,.elementor-widget-divider--separator-type-pattern:not([class*=elementor-widget-divider--view]) .elementor-divider-separator{width:100%;min-height:var(--divider-pattern-height);-webkit-mask-size:var(--divider-pattern-size) 100%;mask-size:var(--divider-pattern-size) 100%;-webkit-mask-repeat:var(--divider-pattern-repeat);mask-repeat:var(--divider-pattern-repeat);background-color:var(--divider-color);-webkit-mask-image:var(--divider-pattern-url);mask-image:var(--divider-pattern-url)}.elementor-widget-divider--no-spacing{--divider-pattern-size:auto}.elementor-widget-divider--bg-round{--divider-pattern-repeat:round}.rtl .elementor-widget-divider .elementor-divider__text{direction:rtl}.e-con-inner>.elementor-widget-divider,.e-con>.elementor-widget-divider{width:var(--container-widget-width,100%);--flex-grow:var(--container-widget-flex-grow)}<\/style>\t\t<div class=\"elementor-divider\">\n\t\t\t<span class=\"elementor-divider-separator\">\n\t\t\t\t\t\t<\/span>\n\t\t<\/div>\n\t\t\t\t<\/div>\n\t\t\t\t<\/div>\n\t\t\t\t\t<\/div>\n\t\t<\/div>\n\t\t\t\t\t\t\t<\/div>\n\t\t<\/section>\n\t\t\t\t\t\t\t<\/div>\n\t\t","protected":false},"excerpt":{"rendered":"<p>nove tehnologije u sportu 2022 upoznajte se sa na\u0161im simpozijem Simpozij \u201cNTS \u2013 Nove tehnologije u sportu\u201d. je nau\u010dno-stru\u010dna konferencija sa osnovnim ciljem razmjene ideja i nau\u010dnih saznanja iz oblasti sporta i obrazovanja. Fakultet sporta i tjelesnog odgoja Univerziteta u Sarajevu ve\u0107 dugi niz godina ba\u0161tini tradiciju organizacije ovog doga\u0111aja na koji smo kao kolektiv [&hellip;]<\/p>\n","protected":false},"author":1,"featured_media":0,"parent":0,"menu_order":0,"comment_status":"closed","ping_status":"closed","template":"elementor_header_footer","meta":{"_monsterinsights_skip_tracking":false,"_monsterinsights_sitenote_active":false,"_monsterinsights_sitenote_note":"","_monsterinsights_sitenote_category":0,"footnotes":""},"class_list":["post-60","page","type-page","status-publish","hentry"],"acf":[],"_links":{"self":[{"href":"https:\/\/nts.fasto.unsa.ba\/index.php?rest_route=\/wp\/v2\/pages\/60","targetHints":{"allow":["GET"]}}],"collection":[{"href":"https:\/\/nts.fasto.unsa.ba\/index.php?rest_route=\/wp\/v2\/pages"}],"about":[{"href":"https:\/\/nts.fasto.unsa.ba\/index.php?rest_route=\/wp\/v2\/types\/page"}],"author":[{"embeddable":true,"href":"https:\/\/nts.fasto.unsa.ba\/index.php?rest_route=\/wp\/v2\/users\/1"}],"replies":[{"embeddable":true,"href":"https:\/\/nts.fasto.unsa.ba\/index.php?rest_route=%2Fwp%2Fv2%2Fcomments&post=60"}],"version-history":[{"count":39,"href":"https:\/\/nts.fasto.unsa.ba\/index.php?rest_route=\/wp\/v2\/pages\/60\/revisions"}],"predecessor-version":[{"id":3804,"href":"https:\/\/nts.fasto.unsa.ba\/index.php?rest_route=\/wp\/v2\/pages\/60\/revisions\/3804"}],"wp:attachment":[{"href":"https:\/\/nts.fasto.unsa.ba\/index.php?rest_route=%2Fwp%2Fv2%2Fmedia&parent=60"}],"curies":[{"name":"wp","href":"https:\/\/api.w.org\/{rel}","templated":true}]}}